{"id":14312,"date":"2024-09-20T03:00:42","date_gmt":"2024-09-20T03:00:42","guid":{"rendered":"https:\/\/storesat.org\/product\/iptv-subscription-for-watching-the-latest-turkish-series\/"},"modified":"2025-07-03T20:47:41","modified_gmt":"2025-07-03T20:47:41","slug":"iptv-subscription-for-watching-the-latest-2","status":"publish","type":"product","link":"https:\/\/storesat.org\/en\/product\/iptv-subscription-for-watching-the-latest-2\/","title":{"rendered":"IPTV Subscription for Watching the Latest Turkish Series"},"content":{"rendered":"<h2 dir=\"ltr\" style=\"text-align: center;\"><span style=\"font-size: 14pt;\"><strong>IPTV Subscription for Watching the Latest Turkish Series<\/strong><\/span><\/h2>\n<p dir=\"ltr\" style=\"text-align: left;\"><span style=\"font-size: 14pt;\"><img loading=\"lazy\" decoding=\"async\" class=\"wp-image-10716 size-medium aligncenter\" src=\"https:\/\/storesat.org\/wp-content\/uploads\/2024\/09\/Turkish-Series-IPTV-300x300.webp\" alt=\"IPTV Subscription for Watching the Latest Turkish Series\" width=\"300\" height=\"300\" title=\"\" srcset=\"https:\/\/storesat.org\/wp-content\/uploads\/2024\/09\/Turkish-Series-IPTV-300x300.webp 300w, https:\/\/storesat.org\/wp-content\/uploads\/2024\/09\/Turkish-Series-IPTV-150x150.webp 150w, https:\/\/storesat.org\/wp-content\/uploads\/2024\/09\/Turkish-Series-IPTV-148x148.webp 148w, https:\/\/storesat.org\/wp-content\/uploads\/2024\/09\/Turkish-Series-IPTV.webp 360w\" sizes=\"auto, (max-width: 300px) 100vw, 300px\" \/><\/span><\/p>\n<h2 dir=\"ltr\" style=\"text-align: left;\"><span style=\"font-size: 14pt;\"><strong>IPTV Subscription for Watching the Latest Turkish Series<\/strong><\/span><\/h2>\n<p dir=\"ltr\" style=\"text-align: left;\" data-pm-slice=\"0 0 []\"><span style=\"font-size: 14pt; color: #000000;\">If you&#8217;re a fan of Turkish dramas, <span style=\"color: #3366ff;\"><a style=\"color: #3366ff;\" href=\"https:\/\/storesat.org\/en\/product-category\/iptv-servers-en\/\" target=\"_blank\" rel=\"noopener\">IPTV <\/a><\/span>subscriptions offer a unique viewing experience with access to the latest and most popular shows such as Kurulu\u015f Osman, Dirili\u015f Ertu\u011frul, Valley of the Wolves, Payitaht Abdulhamid, Ferid, and New Bride.<br \/>\nYou can subscribe from anywhere in the world and enjoy these shows \u2014 either translated or dubbed \u2014 on all smart devices.<br \/>\nGet ready to dive into exciting stories and inspiring characters with an unmatched viewing experience! <\/span><\/p>\n<h2 dir=\"ltr\" style=\"text-align: left;\"><span style=\"font-size: 14pt;\">Devices You Can Use to Watch Turkish Series via IPTV:<\/span><\/h2>\n<ul dir=\"ltr\" style=\"text-align: left;\">\n<li data-pm-slice=\"0 0 []\"><span style=\"color: #008080; font-size: 14pt;\">1. Smart TV<\/span><\/li>\n<\/ul>\n<p dir=\"ltr\" style=\"text-align: left;\"><span style=\"font-size: 14pt; color: #000000;\">Smart TVs powered by Tizen, WebOS, or similar platforms allow access to streaming apps like YouTube and Netflix.<\/span><\/p>\n<p dir=\"ltr\" style=\"text-align: left;\"><span style=\"font-size: 14pt; color: #000000;\">IPTV Playback:Install IPTV apps such as<span style=\"color: #3366ff;\"> <a style=\"color: #3366ff;\" href=\"https:\/\/storesat.org\/en\/product\/iptv-smarters-player-subscription-activati\/\" target=\"_blank\" rel=\"noopener\">Smarters Player<\/a>, <a style=\"color: #3366ff;\" href=\"https:\/\/storesat.org\/en\/product\/ibo-player-subscription-activation\/\" target=\"_blank\" rel=\"noopener\">IBO Player<\/a>,<\/span> or TiviMate directly from the TV&#8217;s app store, then enter your subscription credentials to watch <span style=\"color: #0000ff;\"><a style=\"color: #0000ff;\" href=\"https:\/\/storesat.org\/en\/product\/iptv-subscription-for-watching-the-latest-turkish-series\/\" target=\"_blank\" rel=\"noopener\"><span style=\"color: #3366ff;\">Turkish<\/span> <\/a><\/span>series. <\/span><\/p>\n<ul dir=\"ltr\" style=\"text-align: left;\">\n<li><span style=\"font-size: 14pt; color: #008080;\">2. Mobile Devices<\/span><\/li>\n<\/ul>\n<p dir=\"ltr\" style=\"text-align: left;\"><span style=\"font-size: 14pt;\"><span style=\"color: #3366ff;\">(<a style=\"color: #3366ff;\" href=\"https:\/\/storesat.org\/en\/android-applications\/\" target=\"_blank\" rel=\"noopener\">Android <\/a>&amp; <a style=\"color: #3366ff;\" href=\"https:\/\/storesat.org\/en\/iphone-applications\/\" target=\"_blank\" rel=\"noopener\">iOS<\/a>)<\/span> <span style=\"color: #000000;\">Enjoy high mobility and full access to IPTV apps from anywhere using<\/span> <span style=\"color: #000000;\">smartphones<\/span>.<\/span><\/p>\n<p dir=\"ltr\" style=\"text-align: left;\"><span style=\"font-size: 14pt; color: #000000;\">IPTV Playback:Simply install an IPTV app like Smarters Player, enter your subscription link, and start streaming. <\/span><\/p>\n<ul dir=\"ltr\" style=\"text-align: left;\">\n<li><span style=\"font-size: 14pt; color: #008080;\">3. TV Box<\/span><\/li>\n<\/ul>\n<p dir=\"ltr\" style=\"text-align: left;\"><span style=\"font-size: 14pt; color: #000000;\">Devices like Amazon Fire Stick or Xiaomi Mi Box turn your regular TV into a smart one.<span style=\"color: #3366ff;\"> <a style=\"color: #3366ff;\" href=\"https:\/\/storesat.org\/en\/product-category\/iptv-servers-en\/\" target=\"_blank\" rel=\"noopener\">IPTV<\/a> <\/span><\/span><\/p>\n<p dir=\"ltr\" style=\"text-align: left;\"><span style=\"font-size: 14pt;\"><span style=\"color: #000000;\">IPTV Playback: After connecting the box to the TV, you can install <span style=\"color: #3366ff;\"><a style=\"color: #3366ff;\" href=\"https:\/\/storesat.org\/en\/product-category\/iptv-servers-en\/\" target=\"_blank\" rel=\"noopener\">IPTV <\/a><\/span>applications from Google Play or the Store Sat store. <\/span> Using an <span style=\"color: #3366ff;\"><a style=\"color: #3366ff;\" href=\"https:\/\/storesat.org\/en\/android-applications\/\" target=\"_blank\" rel=\"noopener\">APK file<\/a><\/span>,<span style=\"color: #000000;\"> you can start watching content by entering your subscription credentials.<\/span><\/span><\/p>\n<ul dir=\"ltr\" style=\"text-align: left;\">\n<li><span style=\"font-size: 14pt; color: #008080;\">4. Apple TV<\/span><\/li>\n<\/ul>\n<p dir=\"ltr\" style=\"text-align: left;\"><span style=\"font-size: 14pt;\"><span style=\"color: #3366ff;\"><a style=\"color: #3366ff;\" href=\"https:\/\/storesat.org\/en\/iphone-applications\/\" target=\"_blank\" rel=\"noopener\">Apple&#8217;s <\/a><\/span><span style=\"color: #000000;\">advanced streaming device<\/span> <span style=\"color: #000000;\">running tvOS supports IPTV apps<\/span><\/span><\/p>\n<p dir=\"ltr\" style=\"text-align: left;\"><span style=\"font-size: 14pt; color: #000000;\">IPTV Playback: Apps like Smarters Player Lite can be downloaded from the App Store on <span style=\"color: #3366ff;\"><a style=\"color: #3366ff;\" href=\"https:\/\/storesat.org\/en\/iphone-applications\/\" target=\"_blank\" rel=\"noopener\">Apple TV <\/a><\/span>to watch Turkish series. <\/span><\/p>\n<ul dir=\"ltr\" style=\"text-align: left;\">\n<li><span style=\"font-size: 14pt; color: #008080;\">5. Android TV<\/span><\/li>\n<\/ul>\n<p dir=\"ltr\" style=\"text-align: left;\"><span style=\"font-size: 14pt; color: #000000;\">Smart TVs running Android TV OS (Sony, Philips, etc.) allow you to install IPTV apps <\/span><\/p>\n<p dir=\"ltr\" style=\"text-align: left;\"><span style=\"font-size: 14pt; color: #000000;\">IPTV Playback: Like TiviMate or <span style=\"color: #3366ff;\"><a style=\"color: #3366ff;\" href=\"https:\/\/storesat.org\/en\/android-applications\/\" target=\"_blank\" rel=\"noopener\">Smarters Player<\/a><\/span> from Google Play.<br \/>\nJust log in with your subscription to start streaming. <\/span><\/p>\n<p dir=\"ltr\" style=\"text-align: left;\"><span style=\"font-size: 14pt; color: #008080;\">6. PC &amp; Laptop<\/span><\/p>\n<p dir=\"ltr\" style=\"text-align: left;\"><span style=\"font-size: 14pt; color: #000000;\">Use IPTV on Windows or macOS via browser or media players like Smarters Player, SFVIP Player, or Pot Player.<\/span><\/p>\n<p dir=\"ltr\" style=\"text-align: left;\"><span style=\"font-size: 14pt;\"><span style=\"color: #000000;\">Enter your IPTV login details to access the content. <\/span> <span style=\"color: #3366ff;\"><a style=\"color: #3366ff;\" href=\"https:\/\/storesat.org\/en\/windows\/\" target=\"_blank\" rel=\"noopener\">PC &amp; Lap Top<\/a><\/span> <span style=\"color: #000000;\">On Windows, you can use programs like Smarters Player, SFVIP Player, or Pot Player on your computer, entering your IPTV subscription credentials to watch Turkish series. <\/span><\/span><\/p>\n<p dir=\"ltr\" style=\"text-align: left;\"><span style=\"font-size: 14pt; color: #008080;\">7. Satellite Receivers (Receivers)<\/span><\/p>\n<p dir=\"ltr\" style=\"text-align: left;\"><span style=\"font-size: 14pt; color: #000000;\">Advanced receivers support <a href=\"https:\/\/storesat.org\/en\/product-category\/iptv-servers-en\/\" target=\"_blank\" rel=\"noopener\"><span style=\"color: #3366ff;\">IPTV<\/span> <\/a>streaming via internet connection alongside regular satellite broadcasting.<\/span><\/p>\n<p dir=\"ltr\" style=\"text-align: left;\"><span style=\"font-size: 14pt; color: #000000;\">IPTV Playback: Some receivers, such as Enigma 2, support loading IPTV channel lists using the appropriate subscription, while others run on Android OS, allowing easy access to Turkish series. <\/span><\/p>\n<p dir=\"ltr\" style=\"text-align: left;\"><span style=\"font-size: 14pt; color: #ff0000;\">You can use any of these devices to enjoy Turkish series translated or dubbed in high quality and comfort.<\/span><\/p>\n<div id=\"attachment_10717\" style=\"width: 861px\" class=\"wp-caption alignnone\"><img loading=\"lazy\" decoding=\"async\" aria-describedby=\"caption-attachment-10717\" class=\"wp-image-10717\" src=\"https:\/\/storesat.org\/wp-content\/uploads\/2024\/09\/Turkish-Drama-IPTV--1024x662.webp\" alt=\"Turkish Drama App\" width=\"851\" height=\"550\" title=\"\" srcset=\"https:\/\/storesat.org\/wp-content\/uploads\/2024\/09\/Turkish-Drama-IPTV--1024x662.webp 1024w, https:\/\/storesat.org\/wp-content\/uploads\/2024\/09\/Turkish-Drama-IPTV--300x194.webp 300w, https:\/\/storesat.org\/wp-content\/uploads\/2024\/09\/Turkish-Drama-IPTV--768x497.webp 768w, https:\/\/storesat.org\/wp-content\/uploads\/2024\/09\/Turkish-Drama-IPTV--1536x994.webp 1536w, https:\/\/storesat.org\/wp-content\/uploads\/2024\/09\/Turkish-Drama-IPTV--1200x776.webp 1200w, https:\/\/storesat.org\/wp-content\/uploads\/2024\/09\/Turkish-Drama-IPTV--148x96.webp 148w, https:\/\/storesat.org\/wp-content\/uploads\/2024\/09\/Turkish-Drama-IPTV-.webp 2025w\" sizes=\"auto, (max-width: 851px) 100vw, 851px\" \/><p id=\"caption-attachment-10717\" class=\"wp-caption-text\"><\/span> <span style=\"font-size: 14pt;\"><strong>Sample Screenshot of Turkish Series \u2013 Translated &amp; Dubbed<\/strong><\/span><\/p><\/div>\n<h3 dir=\"ltr\" style=\"text-align: left;\"><span style=\"font-size: 14pt;\"><strong><span style=\"color: #0000ff;\">How to Download IPTV Apps<\/span><\/strong><\/span><\/h3>\n<p dir=\"ltr\" style=\"text-align: left;\"><span style=\"font-size: 14pt;\">Store Sat offers you a premium collection of IPTV apps and players, specifically designed to meet your needs.<br \/>\nThe store features dedicated, high-speed download servers that support all systems, ensuring you a smooth and hassle-free experience. <\/span><\/p>\n<ul dir=\"ltr\" style=\"text-align: left;\">\n<li><span style=\"font-size: 14pt; color: #3366ff;\"><a style=\"color: #3366ff;\" href=\"https:\/\/storesat.org\/en\/android-applications\/\" target=\"_blank\" rel=\"noopener\">Download IPTV apps for Android devices<\/a><\/span><\/li>\n<li><span style=\"font-size: 14pt; color: #3366ff;\"><a style=\"color: #3366ff;\" href=\"https:\/\/storesat.org\/en\/iphone-applications\/\" target=\"_blank\" rel=\"noopener\">Download IPTV apps on iOS devices<\/a><\/span><\/li>\n<li><span style=\"font-size: 14pt; color: #3366ff;\"><a style=\"color: #3366ff;\" href=\"https:\/\/storesat.org\/en\/windows\/\" target=\"_blank\" rel=\"noopener\">Download IPTV apps on Windows devices<\/a><\/span><\/li>\n<\/ul>\n<h2 dir=\"ltr\" style=\"text-align: left;\"><span style=\"font-size: 14pt; color: #008080;\">Turkish Series \u2013 Translated &amp; Dubbed:<\/span><\/h2>\n<p dir=\"ltr\" style=\"text-align: left;\" data-pm-slice=\"0 0 []\"><span style=\"font-size: 14pt; color: #000000;\">You can watch all Turkish series as soon as they are released in Turkey, available with Arabic subtitles and in excellent quality up to FHD. These series include the latest popular productions, allowing you to enjoy them in real time without having to wait for long periods. <\/span><\/p>\n<p dir=\"ltr\" style=\"text-align: left;\"><span style=\"font-size: 14pt; color: #000000;\">In addition, a selection of the best dubbed series becomes available after airing or acquiring broadcasting rights in the Arab world. These series are dubbed in high quality, up to FHD, providing a unique viewing experience that enhances your understanding of the story and characters. You can enjoy the finest Turkish productions without any compromise in picture or sound quality. <\/span><\/p>\n<h3 dir=\"ltr\" style=\"text-align: left;\"><span style=\"color: #ff0000; font-size: 14pt;\"><strong>We Accept Various Payment Methods Worldwide. <\/strong><\/span><\/h3>\n<ul dir=\"ltr\" style=\"text-align: left;\">\n<li><span style=\"font-size: 14pt;\">VISA &amp; MasterCard &amp; PayPal &amp; USDT binance &amp; Payooner &amp; Redotpay &#8211;<span style=\"color: #ff0000;\"> U.S &amp; Worldwide<\/span><\/span><\/li>\n<li><span style=\"font-size: 14pt;\">VISA &amp; MasterCard &amp; Paysera &amp; Wise &amp; MYFIN &#8211; <span style=\"color: #ff0000;\">European Union<\/span> <\/span><\/li>\n<li><span style=\"font-size: 14pt;\"> VISA &amp; MasterCard &amp; Wise &#8211; <span style=\"color: #ff0000;\">United Kingdom<\/span><\/span><\/li>\n<li><span style=\"font-size: 14pt;\">VISA &amp; MasterCard &amp; Mada Pay &amp; PayPal &amp; Bank transfer &amp; STC Pay &#8211; <span style=\"color: #ff0000;\">Saudi Arabia<\/span><\/span><\/li>\n<li><span style=\"font-size: 14pt;\">VISA &amp; MasterCard &amp; PayPal &amp; Bank transfer &#8211; <span style=\"color: #ff0000;\">United Arab Emirates<\/span><\/span><\/li>\n<li><span style=\"font-size: 14pt;\">VISA &amp; MasterCard &amp; PayPal &#8211; <span style=\"color: #ff0000;\">Qatar &#8211; Kuwait &#8211; Oman &#8211; Bahrain<\/span><\/span><\/li>\n<li><span style=\"font-size: 14pt;\">InstaPay &amp; Smart Wallet &amp; Bank Transfer &#8211; <span style=\"color: #ff0000;\">Egypt<\/span><\/span><\/li>\n<li><span style=\"font-size: 14pt;\">VISA &amp; MasterCard &amp; Bank transfer &#8211; <span style=\"color: #ff0000;\">Turkey<\/span><\/span><\/li>\n<li><span style=\"font-size: 14pt;\">PS5 Gift Cards &#8211; <span style=\"color: #ff0000;\">UAE and U.S<\/span><\/span><\/li>\n<\/ul>\n<p dir=\"ltr\" style=\"text-align: left;\"><span style=\"font-size: 14pt; color: #ff0000;\">Note: We accept local currencies in most countries and international currencies worldwide. <\/span><\/p>\n<p dir=\"ltr\" style=\"text-align: left;\"><span style=\"font-size: 14pt;\"><span style=\"color: #000000;\">To activate the service on different devices, Contact us via WhatsApp <\/span> From the \u201c<span style=\"color: #ff0000;\">Store Sat<\/span>\u201d <span style=\"color: #000000;\">shop above.<\/span><\/span><\/p>\n<p dir=\"ltr\" style=\"text-align: left;\"><span style=\"font-size: 14pt;\"><span style=\"color: #000000;\">Follow <\/span><span style=\"color: #ff0000;\">StoreSat <\/span><span style=\"color: #000000;\">on Telegram through<\/span><span style=\"color: #3366ff;\"> <a style=\"color: #3366ff;\" href=\"https:\/\/t.me\/StoreSATTv\" target=\"_blank\" rel=\"noopener\">this link<\/a>.<\/span><\/span><\/p>\n<p dir=\"ltr\" style=\"text-align: left;\"><span style=\"font-size: 14pt;\"><span style=\"color: #000000;\">All rights reserved to<\/span> <span style=\"color: #3366ff;\"><a style=\"color: #3366ff;\" href=\"https:\/\/storesat.org\/en\/who-we-are\/\" target=\"_blank\" rel=\"noopener\">Store SAT.<\/a><\/span><\/span><\/p>\n<div id=\"gtx-trans\" dir=\"ltr\" style=\"position: absolute; left: 1100px; top: 2532.94px;\">\n<div class=\"gtx-trans-icon\" style=\"text-align: left;\"><\/div>\n<\/div>\n","protected":false},"excerpt":{"rendered":"<p dir=\"ltr\" style=\"text-align: left;\"><span style=\"font-size: 14pt;\">IPTV services provide a seamless experience for following the latest Turkish shows right after airing in Turkey.With high-resolution streaming, you\u2019ll never miss a moment. Whether you&#8217;re into drama, romance, or comedy \u2014 IPTV has it all, tailored for your Turkish series passion <\/span><\/p>\n","protected":false},"featured_media":12954,"comment_status":"open","ping_status":"closed","template":"","meta":[],"product_brand":[],"product_cat":[219],"product_tag":[],"class_list":{"0":"post-14312","1":"product","2":"type-product","3":"status-publish","4":"has-post-thumbnail","6":"product_cat-iptv-servers-en","8":"first","9":"instock","10":"virtual","11":"product-type-simple"},"_links":{"self":[{"href":"https:\/\/storesat.org\/en\/wp-json\/wp\/v2\/product\/14312","targetHints":{"allow":["GET"]}}],"collection":[{"href":"https:\/\/storesat.org\/en\/wp-json\/wp\/v2\/product"}],"about":[{"href":"https:\/\/storesat.org\/en\/wp-json\/wp\/v2\/types\/product"}],"replies":[{"embeddable":true,"href":"https:\/\/storesat.org\/en\/wp-json\/wp\/v2\/comments?post=14312"}],"version-history":[{"count":0,"href":"https:\/\/storesat.org\/en\/wp-json\/wp\/v2\/product\/14312\/revisions"}],"wp:featuredmedia":[{"embeddable":true,"href":"https:\/\/storesat.org\/en\/wp-json\/wp\/v2\/media\/12954"}],"wp:attachment":[{"href":"https:\/\/storesat.org\/en\/wp-json\/wp\/v2\/media?parent=14312"}],"wp:term":[{"taxonomy":"product_brand","embeddable":true,"href":"https:\/\/storesat.org\/en\/wp-json\/wp\/v2\/product_brand?post=14312"},{"taxonomy":"product_cat","embeddable":true,"href":"https:\/\/storesat.org\/en\/wp-json\/wp\/v2\/product_cat?post=14312"},{"taxonomy":"product_tag","embeddable":true,"href":"https:\/\/storesat.org\/en\/wp-json\/wp\/v2\/product_tag?post=14312"}],"curies":[{"name":"wp","href":"https:\/\/api.w.org\/{rel}","templated":true}]}}